{"id":3354,"date":"2018-11-27T13:23:31","date_gmt":"2018-11-27T12:23:31","guid":{"rendered":"http:\/\/www.zoaa.cz\/?page_id=3354"},"modified":"2020-01-04T22:27:55","modified_gmt":"2020-01-04T21:27:55","slug":"contact-us","status":"publish","type":"page","link":"https:\/\/www.zoaa.cz\/en\/contact-us\/","title":{"rendered":"Contact Us"},"content":{"rendered":"<p>[vc_row full_width=&#8221;stretch_row_content_no_spaces&#8221; full_height=&#8221;yes&#8221; columns_placement=&#8221;stretch&#8221; gap=&#8221;0&#8243; text_align=&#8221;center&#8221; parallax=&#8221;content-moving&#8221; css=&#8221;.vc_custom_1537378522758{background-color: #ffffff !important;}&#8221;][vc_column vertical_align=&#8221;center&#8221; text_align=&#8221;center&#8221;][vc_custom_heading text=&#8221;Contact Us&#8221; use_theme_fonts=&#8221;yes&#8221; font_container=&#8221;tag:h1|text_align:center&#8221; transform=&#8221;uppercase&#8221; font_title_responsive=&#8221;true&#8221; css_animation=&#8221;fadeInUp2&#8243; transition_delay=&#8221;500&#8243; css=&#8221;.vc_custom_1543321406900{margin-top: 120px !important;margin-bottom: 120px !important;}&#8221; el_class=&#8221;page-top-heading&#8221;][vc_row_inner gap=&#8221;0&#8243; el_id=&#8221;bottom-anchor&#8221;][vc_column_inner][vc_single_image image=&#8221;3067&#8243; alignment=&#8221;center&#8221; onclick=&#8221;custom_link&#8221; link=&#8221;#about-us&#8221; el_class=&#8221;dark&#8221;][\/vc_column_inner][\/vc_row_inner][\/vc_column][\/vc_row][vc_row full_width=&#8221;stretch_row_content_no_spaces&#8221; css_padding=&#8221;::::::::40:40:40:40:40:40:40:40&#8243; el_id=&#8221;about-us&#8221; css=&#8221;.vc_custom_1537378529443{padding-top: 15% !important;padding-bottom: 15% !important;}&#8221;][vc_column width=&#8221;1\/6&#8243;][\/vc_column][vc_column text_align=&#8221;center&#8221; css_animation=&#8221;fadeInUp2&#8243; transition_delay=&#8221;150&#8243; css_animation_repeat=&#8221;show_video&#8221; width=&#8221;2\/3&#8243;][vc_custom_heading text=&#8221;Brief description of the studio&#8221; use_theme_fonts=&#8221;yes&#8221; font_container=&#8221;tag:h2|font_size:65|text_align:center&#8221; transform=&#8221;uppercase&#8221; font_title_responsive=&#8221;true&#8221; css=&#8221;.vc_custom_1578173266851{margin-bottom: 40px !important;}&#8221;][vc_column_text]We love to move, and every change is a step forward for us. We enjoy designing and implementing our projects not depending on whether they are interiors, buildings or public space designs. The essence of the creation process is to evaluate the specific place and needs of future users. We try to create spaces for people. Spaces that will positively influence the perception of the world around us and serve people. Spaces that will please our clients and, last but not least, please us too.<br \/>\nOur studio, led by Ing. Jakub Zoula, was originally created as a joint intention of the study friends. However, the development was too dynamic, and the broadness of studio professional coverage grew and inevitably led to the independence of the architectural studio \u2013 and so the ZOAA studio was created. Today, our team consists of a group of young, creative and almost always positive-minded people who try to put their best into our projects.[\/vc_column_text][\/vc_column][vc_column width=&#8221;1\/6&#8243;][\/vc_column][\/vc_row][vc_row full_width=&#8221;stretch_row_content_no_spaces&#8221; logo_color_type=&#8221;dark&#8221; el_id=&#8221;architects&#8221;][vc_column][vc_custom_heading text=&#8221;Architects&#8221; use_theme_fonts=&#8221;yes&#8221; font_container=&#8221;tag:h2|text_align:center&#8221; transform=&#8221;uppercase&#8221; font_title_responsive=&#8221;true&#8221; el_class=&#8221;heading-architects&#8221;][vc_column_text el_class=&#8221;architects-list&#8221;]<div id=\"ajax-load-more\" class=\"ajax-load-more-wrap infinite fading-blocks\" data-id=\"contacts-architects\" data-alm-id=\"\" data-canonical-url=\"https:\/\/www.zoaa.cz\/en\/contact-us\/\" data-slug=\"contact-us\" data-post-id=\"3354\"  data-localized=\"ajax_load_more_contacts_architects_vars\" data-alm-object=\"ajax_load_more_contacts_architects\"><ul aria-live=\"polite\" aria-atomic=\"true\" class=\"alm-listing alm-ajax alm-has-transition zoaa-projects-listing contact-listing homepage-listing\" data-container-type=\"ul\" data-loading-style=\"infinite fading-blocks\" data-repeater=\"default\" data-post-type=\"rdy_team\" data-taxonomy=\"rdy_team_category\" data-taxonomy-terms=\"architekti\" data-taxonomy-operator=\"IN\" data-order=\"ASC\" data-orderby=\"date\" data-offset=\"0\" data-posts-per-page=\"4\" data-lang=\"en\" data-scroll-distance=\"50\" data-max-pages=\"10\" data-button-label=\"Load More\" data-transition=\"none\" data-transition-container-classes=\" contact-reveal homepage-reveal\"><\/ul><div class=\"alm-btn-wrap\" data-rel=\"ajax-load-more\"><button class=\"alm-load-more-btn more \" type=\"button\">Load More<\/button><\/div><\/div>[\/vc_column_text][\/vc_column][\/vc_row][vc_row full_width=&#8221;stretch_row_content_no_spaces&#8221; logo_color_type=&#8221;dark&#8221; el_id=&#8221;engineers&#8221;][vc_column][vc_custom_heading text=&#8221;Engineers&#8221; use_theme_fonts=&#8221;yes&#8221; font_container=&#8221;tag:h2|text_align:center&#8221; transform=&#8221;uppercase&#8221; font_title_responsive=&#8221;true&#8221; el_class=&#8221;heading-engineers&#8221;][vc_column_text el_class=&#8221;engineers-list&#8221;]<div id=\"ajax-load-more-2\" class=\"ajax-load-more-wrap infinite fading-blocks\" data-id=\"contacts-engineers\" data-alm-id=\"\" data-canonical-url=\"https:\/\/www.zoaa.cz\/en\/contact-us\/\" data-slug=\"contact-us\" data-post-id=\"3354\"  data-localized=\"ajax_load_more_contacts_engineers_vars\" data-alm-object=\"ajax_load_more_contacts_engineers\"><ul aria-live=\"polite\" aria-atomic=\"true\" class=\"alm-listing alm-ajax alm-has-transition zoaa-projects-listing contact-listing\" data-container-type=\"ul\" data-loading-style=\"infinite fading-blocks\" data-repeater=\"default\" data-post-type=\"rdy_team\" data-taxonomy=\"rdy_team_category\" data-taxonomy-terms=\"inzenyri\" data-taxonomy-operator=\"IN\" data-order=\"ASC\" data-orderby=\"date\" data-offset=\"0\" data-posts-per-page=\"4\" data-lang=\"en\" data-button-label=\"Load More\" data-transition=\"none\" data-transition-container-classes=\" contact-reveal homepage-reveal\"><\/ul><div class=\"alm-btn-wrap\" data-rel=\"ajax-load-more-2\"><button class=\"alm-load-more-btn more \" type=\"button\">Load More<\/button><\/div><\/div>[\/vc_column_text][\/vc_column][\/vc_row][vc_row full_width=&#8221;stretch_row_content_no_spaces&#8221; logo_color_type=&#8221;dark&#8221; el_id=&#8221;office&#8221;][vc_column][vc_custom_heading text=&#8221;Office&#8221; use_theme_fonts=&#8221;yes&#8221; font_container=&#8221;tag:h2|text_align:center&#8221; transform=&#8221;uppercase&#8221; font_title_responsive=&#8221;true&#8221; el_class=&#8221;heading-office&#8221;][vc_column_text el_class=&#8221;engineers-list&#8221;]<div id=\"ajax-load-more-3\" class=\"ajax-load-more-wrap infinite fading-blocks\" data-id=\"contacts-office\" data-alm-id=\"\" data-canonical-url=\"https:\/\/www.zoaa.cz\/en\/contact-us\/\" data-slug=\"contact-us\" data-post-id=\"3354\"  data-localized=\"ajax_load_more_contacts_office_vars\" data-alm-object=\"ajax_load_more_contacts_office\"><ul aria-live=\"polite\" aria-atomic=\"true\" class=\"alm-listing alm-ajax alm-has-transition zoaa-projects-listing contact-listing\" data-container-type=\"ul\" data-loading-style=\"infinite fading-blocks\" data-repeater=\"default\" data-post-type=\"rdy_team\" data-taxonomy=\"rdy_team_category\" data-taxonomy-terms=\"kancelar\" data-taxonomy-operator=\"IN\" data-order=\"ASC\" data-orderby=\"date\" data-offset=\"0\" data-posts-per-page=\"4\" data-lang=\"en\" data-button-label=\"Load More\" data-transition=\"none\" data-transition-container-classes=\" contact-reveal homepage-reveal\"><\/ul><div class=\"alm-btn-wrap\" data-rel=\"ajax-load-more-3\"><button class=\"alm-load-more-btn more \" type=\"button\">Load More<\/button><\/div><\/div>[\/vc_column_text][\/vc_column][\/vc_row][vc_row full_width=&#8221;stretch_row&#8221; css_padding=&#8221;::::::::::::80:10:80:10&#8243; css=&#8221;.vc_custom_1537378548167{padding-top: 10% !important;padding-bottom: 10% !important;}&#8221;][vc_column css_animation=&#8221;fadeInUp2&#8243; transition_delay=&#8221;150&#8243; css_animation_repeat=&#8221;show_video&#8221; width=&#8221;1\/3&#8243; css=&#8221;.vc_custom_1536567527055{padding-right: 80px !important;}&#8221;][vc_custom_heading text=&#8221;zoaa<br \/>\ninfo&#8221; use_theme_fonts=&#8221;yes&#8221; font_container=&#8221;tag:h2|text_align:right&#8221; transform=&#8221;uppercase&#8221; mobile_align=&#8221;left&#8221; el_class=&#8221;project-info&#8221;][\/vc_column][vc_column css_animation=&#8221;fadeInUp2&#8243; transition_delay=&#8221;250&#8243; css_animation_repeat=&#8221;show_video&#8221; css_padding=&#8221;::::::::0:0:0:0:0:0:0:0&#8243; width=&#8221;1\/3&#8243; css=&#8221;.vc_custom_1536567538246{padding-right: 80px !important;}&#8221;][vc_column_text]<\/p>\n<h4>Architekti<\/h4>\n<p>Jakub Zoula<br \/>\nLenka Zoulov\u00e1<br \/>\nMichaela Z\u00e1horovsk\u00e1<br \/>\nIvana Cibulkov\u00e1<br \/>\nMarek Nov\u00e1k<br \/>\nAlice Svobodov\u00e1<br \/>\nMartin Holinka<\/p>\n<hr \/>\n<h4>In\u017een\u00fd\u0159i<\/h4>\n<p>Marek Kol\u00e1\u0159<br \/>\nJan Zm\u00e1tl\u00edk<\/p>\n<h4>Kancel\u00e1\u0159<\/h4>\n<p>Mark\u00e9ta Dohnal\u00edkov\u00e1<br \/>\nDana \u0160tekerov\u00e1[\/vc_column_text][\/vc_column][vc_column css_animation=&#8221;fadeInUp2&#8243; transition_delay=&#8221;350&#8243; css_animation_repeat=&#8221;show_video&#8221; width=&#8221;1\/3&#8243; css=&#8221;.vc_custom_1536567546606{padding-right: 80px !important;}&#8221;][vc_column_text]<\/p>\n<h4>Adresa<\/h4>\n<p>Ho\u0161\u0165\u00e1lkova 637\/71<br \/>\n169 00 Praha 6<\/p>\n<p><i class=\"fa fa-envelope-o\"><\/i> <a href=\"mailto:atelier@zoaa.cz\">atelier@zoaa.cz<\/a><\/p>\n<hr \/>\n<h4>Faktura\u010dn\u00ed \u00fadaje<\/h4>\n<p>Ho\u0161\u0165\u00e1lkova 637\/71<br \/>\n169 00 Praha 6<\/p>\n<p>I\u010c: 247 84 036<br \/>\nDI\u010c: CZ 247 84 036<\/p>\n<hr \/>\n<h4>\u010c\u00edslo \u00fa\u010dtu<\/h4>\n<p>8581780207\/5500[\/vc_column_text][\/vc_column][\/vc_row]<\/p>\n","protected":false},"excerpt":{"rendered":"<p>[vc_row full_width=&#8221;stretch_row_content_no_spaces&#8221; full_height=&#8221;yes&#8221; columns_placement=&#8221;stretch&#8221; gap=&#8221;0&#8243; text_align=&#8221;center&#8221; parallax=&#8221;content-moving&#8221; css=&#8221;.vc_custom_1537378522758{background-color: #ffffff !important;}&#8221;][vc_column vertical_align=&#8221;center&#8221; text_align=&#8221;center&#8221;][vc_custom_heading text=&#8221;Contact Us&#8221; use_theme_fonts=&#8221;yes&#8221; font_container=&#8221;tag:h1|text_align:center&#8221; transform=&#8221;uppercase&#8221; font_title_responsive=&#8221;true&#8221; css_animation=&#8221;fadeInUp2&#8243; transition_delay=&#8221;500&#8243; css=&#8221;.vc_custom_1543321406900{margin-top: 120px !important;margin-bottom: 120px !important;}&#8221; el_class=&#8221;page-top-heading&#8221;][vc_row_inner gap=&#8221;0&#8243; el_id=&#8221;bottom-anchor&#8221;][vc_column_inner][vc_single_image image=&#8221;3067&#8243; alignment=&#8221;center&#8221; [&hellip;]<\/p>\n","protected":false},"author":1,"featured_media":16,"parent":0,"menu_order":0,"comment_status":"closed","ping_status":"closed","template":"","meta":{"inline_featured_image":false,"loftloader_pro_show_once":"","loftloader_pro_page_shortcode":""},"_links":{"self":[{"href":"https:\/\/www.zoaa.cz\/en\/wp-json\/wp\/v2\/pages\/3354\/"}],"collection":[{"href":"https:\/\/www.zoaa.cz\/en\/wp-json\/wp\/v2\/pages\/"}],"about":[{"href":"https:\/\/www.zoaa.cz\/en\/wp-json\/wp\/v2\/types\/page\/"}],"author":[{"embeddable":true,"href":"https:\/\/www.zoaa.cz\/en\/wp-json\/wp\/v2\/users\/1\/"}],"replies":[{"embeddable":true,"href":"https:\/\/www.zoaa.cz\/en\/wp-json\/wp\/v2\/comments\/?post=3354"}],"version-history":[{"count":4,"href":"https:\/\/www.zoaa.cz\/en\/wp-json\/wp\/v2\/pages\/3354\/revisions\/"}],"predecessor-version":[{"id":3667,"href":"https:\/\/www.zoaa.cz\/en\/wp-json\/wp\/v2\/pages\/3354\/revisions\/3667\/"}],"wp:featuredmedia":[{"embeddable":true,"href":"https:\/\/www.zoaa.cz\/en\/wp-json\/wp\/v2\/media\/16\/"}],"wp:attachment":[{"href":"https:\/\/www.zoaa.cz\/en\/wp-json\/wp\/v2\/media\/?parent=3354"}],"curies":[{"name":"wp","href":"https:\/\/api.w.org\/{rel}","templated":true}]}}