{"id":2213,"date":"2018-08-07T13:13:56","date_gmt":"2018-08-07T13:13:56","guid":{"rendered":"http:\/\/www.zoaa.cz\/cms\/?page_id=2213"},"modified":"2018-11-29T18:15:04","modified_gmt":"2018-11-29T17:15:04","slug":"homepage-2-2-2","status":"publish","type":"page","link":"https:\/\/www.zoaa.cz\/en\/","title":{"rendered":"Homepage Test"},"content":{"rendered":"<p>[vc_row full_width=&#8221;stretch_row_content_no_spaces&#8221; full_height=&#8221;yes&#8221; columns_placement=&#8221;stretch&#8221; gap=&#8221;0&#8243; row_overlay=&#8221;color&#8221; row_overlay_opacity=&#8221;30&#8243; row_overlay_color=&#8221;#202020&#8243; video_bg=&#8221;yes&#8221; video_mp4=&#8221;http:\/\/www.zoaa.cz\/cms\/wp-content\/uploads\/2018\/01\/video-bg-top-hp_1.mp4&#8243; logo_color_type=&#8221;light&#8221; css_zindex=&#8221;-100&#8243; el_id=&#8221;top-section&#8221; css=&#8221;.vc_custom_1536561388096{background-color: rgba(255,255,255,0.01) !important;*background-color: rgb(255,255,255) !important;}&#8221;][vc_column][\/vc_column][\/vc_row][vc_row full_width=&#8221;stretch_row_content_no_spaces&#8221; full_height=&#8221;yes&#8221; columns_placement=&#8221;stretch&#8221; gap=&#8221;0&#8243; text_align=&#8221;center&#8221; logo_color_type=&#8221;light&#8221; bg_type=&#8221;video&#8221; video_opts=&#8221;loop,muted&#8221; css=&#8221;.vc_custom_1536214911852{background-position: center !important;background-repeat: no-repeat !important;background-size: cover !important;}&#8221; el_class=&#8221;page-top-image-fixed&#8221;][vc_column vertical_align=&#8221;center&#8221;][vc_custom_heading text=&#8221;Where the dreams come true&#8221; use_theme_fonts=&#8221;yes&#8221; font_container=&#8221;tag:h1|text_align:center|color:%23ffffff&#8221; transform=&#8221;uppercase&#8221; el_class=&#8221;homepage-text-on-move page-top-heading&#8221;][vc_row_inner el_id=&#8221;bottom-anchor&#8221;][vc_column_inner][vc_single_image image=&#8221;3048&#8243; alignment=&#8221;center&#8221; onclick=&#8221;custom_link&#8221; link=&#8221;#recent-news-anchor&#8221;][\/vc_column_inner][\/vc_row_inner][\/vc_column][\/vc_row][vc_row full_width=&#8221;stretch_row_content_no_spaces&#8221; logo_color_type=&#8221;dark&#8221; row_hide_lg=&#8221;yes&#8221; row_hide_md=&#8221;yes&#8221; row_hide_sm=&#8221;yes&#8221; row_hide_xs=&#8221;yes&#8221; el_id=&#8221;recent-news&#8221;][vc_column][vc_custom_heading text=&#8221;Nejnov\u011bj\u0161\u00ed&#8221; use_theme_fonts=&#8221;yes&#8221; font_container=&#8221;tag:h2|font_size:65|text_align:left|color:%23282828&#8243; transform=&#8221;uppercase&#8221; font_title_responsive=&#8221;true&#8221; el_class=&#8221;recent-news-title-cz&#8221;][\/vc_column][\/vc_row][vc_row full_width=&#8221;stretch_row_content_no_spaces&#8221; logo_color_type=&#8221;dark&#8221; css=&#8221;.vc_custom_1537376206505{background-color: #ffffff !important;background-position: center !important;background-repeat: no-repeat !important;background-size: cover !important;}&#8221; el_id=&#8221;recent-news-anchor&#8221;][vc_column el_class=&#8221;post-column&#8221;][vc_column_text el_class=&#8221;post-column-text-block&#8221;]<div id=\"ajax-load-more\" class=\"ajax-load-more-wrap infinite fading-blocks\" data-id=\"homepage\" data-alm-id=\"\" data-canonical-url=\"https:\/\/www.zoaa.cz\/en\/\" data-slug=\"homepage-2-2-2\" data-post-id=\"2213\"  data-localized=\"ajax_load_more_homepage_vars\" data-alm-object=\"ajax_load_more_homepage\"><ul aria-live=\"polite\" aria-atomic=\"true\" class=\"alm-listing alm-ajax alm-has-transition zoaa-projects-listing homepage-listing\" data-container-type=\"ul\" data-loading-style=\"infinite fading-blocks\" data-repeater=\"default\" data-post-type=\"rdy_portfolio\" data-post-format=\"standard\" data-order=\"DSC\" data-orderby=\"date\" data-offset=\"0\" data-posts-per-page=\"8\" data-lang=\"en\" data-scroll=\"false\" data-button-label=\"Load More\" data-transition=\"none\" data-transition-container-classes=\" homepage-reveal\"><\/ul><div class=\"alm-btn-wrap\" data-rel=\"ajax-load-more\"><button class=\"alm-load-more-btn more \" type=\"button\">Load More<\/button><\/div><\/div>\n<div id=\"ajax-load-more-2\" class=\"ajax-load-more-wrap infinite fading-blocks\" data-id=\"homepage-text\" data-alm-id=\"\" data-canonical-url=\"https:\/\/www.zoaa.cz\/en\/\" data-slug=\"homepage-2-2-2\" data-post-id=\"2213\"  data-localized=\"ajax_load_more_homepage_text_vars\" data-alm-object=\"ajax_load_more_homepage_text\"><ul aria-live=\"polite\" aria-atomic=\"true\" class=\"alm-listing alm-ajax alm-has-transition zoaa-projects-listing homepage-text-listing\" data-container-type=\"ul\" data-loading-style=\"infinite fading-blocks\" data-repeater=\"default\" data-post-type=\"post\" data-category=\"homepage-text\" data-order=\"DESC\" data-orderby=\"date\" data-offset=\"0\" data-posts-per-page=\"2\" data-lang=\"en\" data-scroll=\"false\" data-button-label=\"Load More\" data-transition=\"none\" data-transition-container-classes=\" homepage-text-reveal\"><\/ul><div class=\"alm-btn-wrap\" data-rel=\"ajax-load-more-2\"><button class=\"alm-load-more-btn more \" type=\"button\">Load More<\/button><\/div><\/div>[\/vc_column_text][\/vc_column][\/vc_row]<\/p>\n","protected":false},"excerpt":{"rendered":"<p>[vc_row full_width=&#8221;stretch_row_content_no_spaces&#8221; full_height=&#8221;yes&#8221; columns_placement=&#8221;stretch&#8221; gap=&#8221;0&#8243; row_overlay=&#8221;color&#8221; row_overlay_opacity=&#8221;30&#8243; row_overlay_color=&#8221;#202020&#8243; video_bg=&#8221;yes&#8221; video_mp4=&#8221;http:\/\/www.zoaa.cz\/cms\/wp-content\/uploads\/2018\/01\/video-bg-top-hp_1.mp4&#8243; logo_color_type=&#8221;light&#8221; css_zindex=&#8221;-100&#8243; el_id=&#8221;top-section&#8221; css=&#8221;.vc_custom_1536561388096{background-color: rgba(255,255,255,0.01) !important;*background-color: rgb(255,255,255) !important;}&#8221;][vc_column][\/vc_column][\/vc_row][vc_row full_width=&#8221;stretch_row_content_no_spaces&#8221; full_height=&#8221;yes&#8221; columns_placement=&#8221;stretch&#8221; gap=&#8221;0&#8243; text_align=&#8221;center&#8221; logo_color_type=&#8221;light&#8221; bg_type=&#8221;video&#8221; video_opts=&#8221;loop,muted&#8221; css=&#8221;.vc_custom_1536214911852{background-position: center !important;background-repeat: no-repeat [&hellip;]<\/p>\n","protected":false},"author":1,"featured_media":16,"parent":0,"menu_order":0,"comment_status":"closed","ping_status":"closed","template":"","meta":{"inline_featured_image":false,"loftloader_pro_show_once":"","loftloader_pro_page_shortcode":"[loftloader loftloader_pro_main_switch=on loftloader_pro_show_range=sitewide loftloader_bgfilltype=image loftloader_pro_bg_color=#ffffff loftloader_bgopacity=100 loftloader_pro_bg_animation=fade loftloader_pro_bg_image=http:\/\/www.zoaa.cz\/cms\/wp-content\/uploads\/2018\/08\/im-px-64x36.jpg loftloader_pro_bg_image_repeat=false loftloader_pro_bg_image_size=cover loftloader_animation=imgstatic loftloader_customimg=\"http:\/\/www.zoaa.cz\/cms\/wp-content\/uploads\/2018\/09\/zoaa-variants-20.svg\" loftloader_imgwidth=300 loftloader_responsive_design_max_width=100 loftloader_progress=none loftloader_pro_message_text=\"\" loftloader_pro_load_time=10.0 loftloader_pro_device=all loftloader_pro_disable_page_scrolling=on loftloader_pro_show_close_timer=15 loftloader_pro_show_close_tip=\"U3RpbGwgbG9hZGluZz8gQ2xvc2UgYW5kIGNvbnRpbnVl\" loftloader_pro_inner_elements_entrance_animation=false loftloader_pro_inner_elements_exit_animation=false]"},"_links":{"self":[{"href":"https:\/\/www.zoaa.cz\/en\/wp-json\/wp\/v2\/pages\/2213\/"}],"collection":[{"href":"https:\/\/www.zoaa.cz\/en\/wp-json\/wp\/v2\/pages\/"}],"about":[{"href":"https:\/\/www.zoaa.cz\/en\/wp-json\/wp\/v2\/types\/page\/"}],"author":[{"embeddable":true,"href":"https:\/\/www.zoaa.cz\/en\/wp-json\/wp\/v2\/users\/1\/"}],"replies":[{"embeddable":true,"href":"https:\/\/www.zoaa.cz\/en\/wp-json\/wp\/v2\/comments\/?post=2213"}],"version-history":[{"count":4,"href":"https:\/\/www.zoaa.cz\/en\/wp-json\/wp\/v2\/pages\/2213\/revisions\/"}],"predecessor-version":[{"id":3385,"href":"https:\/\/www.zoaa.cz\/en\/wp-json\/wp\/v2\/pages\/2213\/revisions\/3385\/"}],"wp:featuredmedia":[{"embeddable":true,"href":"https:\/\/www.zoaa.cz\/en\/wp-json\/wp\/v2\/media\/16\/"}],"wp:attachment":[{"href":"https:\/\/www.zoaa.cz\/en\/wp-json\/wp\/v2\/media\/?parent=2213"}],"curies":[{"name":"wp","href":"https:\/\/api.w.org\/{rel}","templated":true}]}}